{"id":48,"date":"2026-04-24T11:10:11","date_gmt":"2026-04-24T11:10:11","guid":{"rendered":"https:\/\/wizardly-sinoussi.217-154-119-199.plesk.page\/?page_id=48"},"modified":"2026-04-27T12:34:32","modified_gmt":"2026-04-27T12:34:32","slug":"wsv-blexen-e-v-tradition-trifft-leidenschaft-auf-der-we","status":"publish","type":"page","link":"https:\/\/wizardly-sinoussi.217-154-119-199.plesk.page\/","title":{"rendered":"WSV Blexen e.V"},"content":{"rendered":"\n<p>Willkommen beim Wassersportverein Blexen! Seit \u00fcber 60 Jahren sind wir die erste Adresse f\u00fcr Skipper, die das Besondere suchen. Was in den 1960er Jahren als Gemeinschaft passionierter Bootsbesitzer am Blexer Weserufer begann, hat sich heute zu einem lebendigen Verein f\u00fcr Eigner kleiner Segelyachten und Motorboote entwickelt.<\/p>\n\n\n\n<h3 class=\"wp-block-heading\">Unser Heimathafen: Exzellente Lage in Gro\u00dfensiel<\/h3>\n\n\n\n<p>Seit den 80er Jahren finden Sie unsere Steganlage im gesch\u00fctzten Yachthafen Gro\u00dfensiel, als Teil der starken Nordenhamer Sportboothafen Gemeinschaft (NSG). Wer in den Hafen einl\u00e4uft, findet uns direkt als <strong>erste Anlage auf der Steuerbordseite<\/strong>.<\/p>\n\n\n\n<p>Unsere Stege sind ein echtes St\u00fcck Blexer Handarbeit: In Eigenleistung nach eigenen Pl\u00e4nen gebaut, zeichnet sich unsere Anlage durch ihre besondere Robustheit aus. Wir legen Wert auf Qualit\u00e4t und Gemeinschaft \u2013 Werte, die man an unserem Steg bis heute sp\u00fcrt.<\/p>\n\n\n\n<figure class=\"wp-block-image size-full\"><img loading=\"lazy\" decoding=\"async\" width=\"833\" height=\"469\" src=\"https:\/\/wizardly-sinoussi.217-154-119-199.plesk.page\/wp-content\/uploads\/2026\/04\/Hafen1.jpg\" alt=\"\" class=\"wp-image-161\" srcset=\"https:\/\/wizardly-sinoussi.217-154-119-199.plesk.page\/wp-content\/uploads\/2026\/04\/Hafen1.jpg 833w, https:\/\/wizardly-sinoussi.217-154-119-199.plesk.page\/wp-content\/uploads\/2026\/04\/Hafen1-300x169.jpg 300w, https:\/\/wizardly-sinoussi.217-154-119-199.plesk.page\/wp-content\/uploads\/2026\/04\/Hafen1-768x432.jpg 768w\" sizes=\"auto, (max-width: 833px) 100vw, 833px\" \/><\/figure>\n\n\n\n<h3 class=\"wp-block-heading\">Service &amp; Gastfreundschaft auf Augenh\u00f6he<\/h3>\n\n\n\n<p>G\u00e4ste sind bei uns nicht nur willkommen, sie geh\u00f6ren dazu! Wir bieten gro\u00dfz\u00fcgige Gastliegepl\u00e4tze mit vollem Servicepaket:<\/p>\n\n\n\n<ul class=\"wp-block-list\">\n<li><strong>Moderne Infrastruktur:<\/strong> Zuverl\u00e4ssiger Zugang zu Wasser und optimiertem <strong>Energiegebrauch<\/strong> direkt am Liegeplatz.<\/li>\n\n\n\n<li><strong>Kostenloses <\/strong>schnelles (!) Intermet per <strong>WLAN <\/strong>oder LTE \/ 5G<\/li>\n\n\n\n<li><strong>Technik:<\/strong> Ein Mastenkran des NSG steht nach Absprache f\u00fcr Ihre Yacht bereit.<\/li>\n\n\n\n<li><strong>Infopoint:<\/strong> In unserem Stegwart-Kasten finden Sie kompakte Tipps zum Hafen und attraktive Anregungen f\u00fcr Landg\u00e4nge.<\/li>\n\n\n\n<li><strong>Vorteile:<\/strong> Als Mitglied im <strong>Freihafenverbund<\/strong> genie\u00dfen Partner-Skipper bei uns die ersten drei N\u00e4chte liegegeldfrei.<\/li>\n\n\n\n<li>Verschiedene feste <strong>Grillpl\u00e4tze <\/strong>am Hafen<\/li>\n\n\n\n<li>Dar\u00fcber hinaus profitieren Sie von den modernen Anlagen der NSG, inklusive <strong>modernem Hafenhaus<\/strong>, <strong>sanit\u00e4ren Anlagen<\/strong>, Hafenkrananlage und einer gem\u00fctlichen, <strong>\u00fcberdachten Terrasse<\/strong>.<\/li>\n<\/ul>\n\n\n\n<p><\/p>\n\n\n\n<figure class=\"wp-block-image size-full\"><img loading=\"lazy\" decoding=\"async\" width=\"829\" height=\"469\" src=\"https:\/\/wizardly-sinoussi.217-154-119-199.plesk.page\/wp-content\/uploads\/2026\/04\/Hafen2.jpg\" alt=\"\" class=\"wp-image-162\" srcset=\"https:\/\/wizardly-sinoussi.217-154-119-199.plesk.page\/wp-content\/uploads\/2026\/04\/Hafen2.jpg 829w, https:\/\/wizardly-sinoussi.217-154-119-199.plesk.page\/wp-content\/uploads\/2026\/04\/Hafen2-300x170.jpg 300w, https:\/\/wizardly-sinoussi.217-154-119-199.plesk.page\/wp-content\/uploads\/2026\/04\/Hafen2-768x434.jpg 768w\" sizes=\"auto, (max-width: 829px) 100vw, 829px\" \/><\/figure>\n\n\n\n<h3 class=\"wp-block-heading\">Jugend &amp; Ausbildung: Wind im Blut<\/h3>\n\n\n\n<p>Unsere Jugendgruppe ist das Herzst\u00fcck unserer Zukunft. Jeden Mittwochnachmittag ab 17:00 Uhr wird es auf dem Wasser aktiv. Unser Stolz war das \u201eFlaggschiff\u201c: Der <strong>\u201eExzsorzist\u201c<\/strong>, eine legend\u00e4re h\u00f6lzerne Piratenjolle der renommierten Abeking &amp; Rasmussen Werft. <br>Jetzt besteht die Flotte des NSG durch moderne GFK-Jollen und Optimisten, auf denen der Nachwuchs das Segelhandwerk von Grund auf lernt.<\/p>\n\n\n\n<figure class=\"wp-block-image size-full\"><img loading=\"lazy\" decoding=\"async\" width=\"829\" height=\"466\" src=\"https:\/\/wizardly-sinoussi.217-154-119-199.plesk.page\/wp-content\/uploads\/2026\/04\/Hafen3.jpg\" alt=\"\" class=\"wp-image-163\" srcset=\"https:\/\/wizardly-sinoussi.217-154-119-199.plesk.page\/wp-content\/uploads\/2026\/04\/Hafen3.jpg 829w, https:\/\/wizardly-sinoussi.217-154-119-199.plesk.page\/wp-content\/uploads\/2026\/04\/Hafen3-300x169.jpg 300w, https:\/\/wizardly-sinoussi.217-154-119-199.plesk.page\/wp-content\/uploads\/2026\/04\/Hafen3-768x432.jpg 768w\" sizes=\"auto, (max-width: 829px) 100vw, 829px\" \/><\/figure>\n\n\n\n<h3 class=\"wp-block-heading\">Das Winterquartier: Historisches Flair in Blexen<\/h3>\n\n\n\n<p>Auch wenn unsere Boote im Sommer in Gro\u00dfensiel liegen, schl\u00e4gt unser Herz in Blexen. Hier befindet sich unsere vereinseigene Bootshalle \u2013 ein imposantes, <strong>denkmalgesch\u00fctztes Geb\u00e4ude<\/strong> aus den 40er Jahren.<\/p>\n\n\n\n<ul class=\"wp-block-list\">\n<li><strong>Platz f\u00fcr 40 Boote:<\/strong> Inklusive einer gro\u00dfen Galerie f\u00fcr Zubeh\u00f6r und Werkzeug.<\/li>\n\n\n\n<li><strong>Der Treffpunkt:<\/strong> Unser gem\u00fctlicher Aufenthaltsraum mit dem klassischen Holzofen ist der Ort, an dem im Winter bei Tee und guten Gespr\u00e4chen die Pl\u00e4ne f\u00fcr die n\u00e4chste Saison geschmiedet werden.<\/li>\n<\/ul>\n\n\n\n<h3 class=\"wp-block-heading\">Gemeinschaft erleben: Unser Vereinsleben<\/h3>\n\n\n\n<p>Beim WSV Blexen ist das ganze Jahr Saison! Wir pflegen eine aktive Gemeinschaft, die weit \u00fcber das Segeln und Fahren hinausgeht:<\/p>\n\n\n\n<ul class=\"wp-block-list\">\n<li><strong>Winter-Highlights:<\/strong> Hallenfete zur Einlagerung, gemeinsame Fahrten zur \u201eHanseboot\u201c und gesellige Kegelnachmittage.<\/li>\n\n\n\n<li><strong>Tradition:<\/strong> Ob z\u00fcnftiger Nikolaus-Punsch, Bo\u00dfeltouren mit anschlie\u00dfendem Gr\u00fcnkohlessen oder unser traditionelles Eierknobeln zu Ostern \u2013 bei uns steht das Miteinander an erster Stelle.<\/li>\n<\/ul>\n\n\n\n<p><strong>Werden Sie Teil unserer Crew! Egal ob mit Segel oder Motor \u2013 beim WSV Blexen finden Sie ein sicheres Fahrwasser und eine starke Gemeinschaft.<\/strong><\/p>\n\n\n\n<figure class=\"wp-block-image size-full is-resized is-style-default\"><img loading=\"lazy\" decoding=\"async\" width=\"512\" height=\"512\" src=\"https:\/\/wizardly-sinoussi.217-154-119-199.plesk.page\/wp-content\/uploads\/2026\/04\/cropped-WSV-LOGO_2026_500Px-1.png\" alt=\"\" class=\"wp-image-61\" style=\"width:456px;height:auto\" srcset=\"https:\/\/wizardly-sinoussi.217-154-119-199.plesk.page\/wp-content\/uploads\/2026\/04\/cropped-WSV-LOGO_2026_500Px-1.png 512w, https:\/\/wizardly-sinoussi.217-154-119-199.plesk.page\/wp-content\/uploads\/2026\/04\/cropped-WSV-LOGO_2026_500Px-1-300x300.png 300w, https:\/\/wizardly-sinoussi.217-154-119-199.plesk.page\/wp-content\/uploads\/2026\/04\/cropped-WSV-LOGO_2026_500Px-1-150x150.png 150w, https:\/\/wizardly-sinoussi.217-154-119-199.plesk.page\/wp-content\/uploads\/2026\/04\/cropped-WSV-LOGO_2026_500Px-1-270x270.png 270w, https:\/\/wizardly-sinoussi.217-154-119-199.plesk.page\/wp-content\/uploads\/2026\/04\/cropped-WSV-LOGO_2026_500Px-1-192x192.png 192w, https:\/\/wizardly-sinoussi.217-154-119-199.plesk.page\/wp-content\/uploads\/2026\/04\/cropped-WSV-LOGO_2026_500Px-1-180x180.png 180w, https:\/\/wizardly-sinoussi.217-154-119-199.plesk.page\/wp-content\/uploads\/2026\/04\/cropped-WSV-LOGO_2026_500Px-1-32x32.png 32w\" sizes=\"auto, (max-width: 512px) 100vw, 512px\" \/><\/figure>\n","protected":false},"excerpt":{"rendered":"<p>Willkommen beim Wassersportverein Blexen! Seit \u00fcber 60 Jahren sind wir die erste Adresse f\u00fcr Skipper, die das Besondere suchen. Was<\/p>\n","protected":false},"author":1,"featured_media":0,"parent":0,"menu_order":1,"comment_status":"closed","ping_status":"closed","template":"","meta":{"footnotes":""},"class_list":["post-48","page","type-page","status-publish","hentry"],"_links":{"self":[{"href":"https:\/\/wizardly-sinoussi.217-154-119-199.plesk.page\/index.php?rest_route=\/wp\/v2\/pages\/48","targetHints":{"allow":["GET"]}}],"collection":[{"href":"https:\/\/wizardly-sinoussi.217-154-119-199.plesk.page\/index.php?rest_route=\/wp\/v2\/pages"}],"about":[{"href":"https:\/\/wizardly-sinoussi.217-154-119-199.plesk.page\/index.php?rest_route=\/wp\/v2\/types\/page"}],"author":[{"embeddable":true,"href":"https:\/\/wizardly-sinoussi.217-154-119-199.plesk.page\/index.php?rest_route=\/wp\/v2\/users\/1"}],"replies":[{"embeddable":true,"href":"https:\/\/wizardly-sinoussi.217-154-119-199.plesk.page\/index.php?rest_route=%2Fwp%2Fv2%2Fcomments&post=48"}],"version-history":[{"count":10,"href":"https:\/\/wizardly-sinoussi.217-154-119-199.plesk.page\/index.php?rest_route=\/wp\/v2\/pages\/48\/revisions"}],"predecessor-version":[{"id":232,"href":"https:\/\/wizardly-sinoussi.217-154-119-199.plesk.page\/index.php?rest_route=\/wp\/v2\/pages\/48\/revisions\/232"}],"wp:attachment":[{"href":"https:\/\/wizardly-sinoussi.217-154-119-199.plesk.page\/index.php?rest_route=%2Fwp%2Fv2%2Fmedia&parent=48"}],"curies":[{"name":"wp","href":"https:\/\/api.w.org\/{rel}","templated":true}]}}