{"id":19,"date":"2026-04-24T11:40:20","date_gmt":"2026-04-24T11:40:20","guid":{"rendered":"https:\/\/wizardly-sinoussi.217-154-119-199.plesk.page\/?page_id=19"},"modified":"2026-04-25T11:44:47","modified_gmt":"2026-04-25T11:44:47","slug":"links-und-institutionen","status":"publish","type":"page","link":"https:\/\/wizardly-sinoussi.217-154-119-199.plesk.page\/?page_id=19","title":{"rendered":"Links"},"content":{"rendered":"\n<figure class=\"wp-block-table\"><table class=\"has-fixed-layout\"><thead><tr><td><strong>Organisation \/ Bereich<\/strong><\/td><td><strong>Webadresse (Link)<\/strong><\/td><\/tr><\/thead><tbody><tr><td><strong>Stadt Nordenham<\/strong><\/td><td><a target=\"_blank\" rel=\"noreferrer noopener\" href=\"http:\/\/www.nordenham.de\/\">nordenham.de<\/a><\/td><\/tr><tr><td><strong>Nordenhamer Sportbootgemeinschaft e.V.<\/strong><\/td><td><a target=\"_blank\" rel=\"noreferrer noopener\" href=\"http:\/\/www.nsg-nordenham.de\/\">nsg-nordenham.de<\/a><\/td><\/tr><tr><td><strong>Nachrichten f\u00fcr Seefahrer<\/strong><\/td><td><a target=\"_blank\" rel=\"noreferrer noopener\" href=\"https:\/\/www.google.com\/url?sa=E&amp;source=gmail&amp;q=https:\/\/www.elwis.de\/DE\/dynamisch\/NfS\/Nachrichten-fuer-Seefahrer\/index.jsp\">elwis.de (NfS)<\/a><\/td><\/tr><tr><td><strong>Deutscher Wetterdienst<\/strong><\/td><td><a target=\"_blank\" rel=\"noreferrer noopener\" href=\"http:\/\/www.dwd.de\/de\/de.htm\">dwd.de<\/a><\/td><\/tr><tr><td><strong>Bundesamt f\u00fcr Seeschifffahrt und Hydrographie<\/strong><\/td><td><a target=\"_blank\" rel=\"noreferrer noopener\" href=\"http:\/\/www.bsh.de\/de\/index.jsp\">bsh.de<\/a><\/td><\/tr><tr><td><strong>Kreissportbund Wesermarsch<\/strong><\/td><td><a target=\"_blank\" rel=\"noreferrer noopener\" href=\"http:\/\/www.ksbwesermarsch.de\/\">ksbwesermarsch.de<\/a><\/td><\/tr><\/tbody><\/table><\/figure>\n\n\n\n<hr class=\"wp-block-separator has-alpha-channel-opacity\"\/>\n\n\n\n<p><strong>Adressen und Google Maps-Links f\u00fcr Nordenham rund um den Yachthafen und den Bahnhof:<\/strong><\/p>\n\n\n\n<h3 class=\"wp-block-heading\">Ausr\u00fcster &amp; Yachtservice<\/h3>\n\n\n\n<p>Direkt am oder nahe dem Yachthafen finden Sie folgende Anlaufstellen f\u00fcr Service und Liegepl\u00e4tze:<\/p>\n\n\n\n<ul class=\"wp-block-list\">\n<li><strong>Nordenhamer Sportboothafen-Gemeinschaft e.V.<\/strong>Strandallee 38, 26954 Nordenham<a href=\"https:\/\/www.google.com\/search?q=https:\/\/www.google.com\/maps\/search\/%3Fapi%3D1%26query%3DNordenhamer%2BSportboothafen-Gemeinschaft%2Be.V.%26query_place_id%3DChIJMVVS9yG4tkcRh6ITJOdrZpc\" target=\"_blank\" rel=\"noreferrer noopener\">Google Maps Link<\/a><\/li>\n\n\n\n<li><strong>Wassersportverein Nordenham e. V.<\/strong>Strandallee 34, 26954 Nordenham<a href=\"https:\/\/www.google.com\/search?q=https:\/\/www.google.com\/maps\/search\/%3Fapi%3D1%26query%3DWassersportverein%2BNordenham%2Be.%2BV.%26query_place_id%3DChIJZ7Y0CCa4tkcRLlx-AyRc_Xk\" target=\"_blank\" rel=\"noreferrer noopener\">Google Maps Link<\/a><\/li>\n\n\n\n<li><strong>Segel-Club Nordenham E.V.<\/strong>Strandallee, 26954 Nordenham<a href=\"https:\/\/www.google.com\/search?q=https:\/\/www.google.com\/maps\/search\/%3Fapi%3D1%26query%3DSegel-Club%2BNordenham%2BE.V.%26query_place_id%3DChIJFWdwvNW5tkcRDSnAX_Owzj8\" target=\"_blank\" rel=\"noreferrer noopener\">Google Maps Link<\/a><\/li>\n<\/ul>\n\n\n\n<h3 class=\"wp-block-heading\">Bahnhof &amp; Zentrum<\/h3>\n\n\n\n<p>Vom Hafenbereich (Gro\u00dfensiel) ist der Bahnhof in etwa 15\u201320 Minuten zu Fu\u00df erreichbar. Die Fu\u00dfg\u00e4ngerzone beginnt unmittelbar in Bahnhofsn\u00e4he.<\/p>\n\n\n\n<ul class=\"wp-block-list\">\n<li><strong>Bahnhof Nordenham<\/strong>M\u00fcllerstra\u00dfe 8, 26954 Nordenham<a href=\"https:\/\/www.google.com\/search?q=https:\/\/www.google.com\/maps\/search\/%3Fapi%3D1%26query%3DBahnhof%2BNordenham%26query_place_id%3DChIJGZQ8XwC5tkcRb_giigU7POY\" target=\"_blank\" rel=\"noreferrer noopener\">Google Maps Link<\/a><\/li>\n\n\n\n<li><strong>Zentrum \/ Marktplatz (Beginn der Fu\u00dfg\u00e4ngerzone)<\/strong>Marktplatz, 26954 Nordenham<a href=\"https:\/\/www.google.com\/search?q=https:\/\/www.google.com\/maps\/search\/%3Fapi%3D1%26query%3DMarktplatz%2BNordenham%26query_place_id%3DChIJf3Tcq5y5tkcRH4zCqmNXRf4\" target=\"_blank\" rel=\"noreferrer noopener\">Google Maps Link<\/a><\/li>\n<\/ul>\n\n\n\n<h3 class=\"wp-block-heading\">Restaurants in Bahnhofsn\u00e4he<\/h3>\n\n\n\n<p>In der direkten Umgebung des Bahnhofs und der angrenzenden Marktstra\u00dfe finden Sie verschiedene Gastronomieangebote:<\/p>\n\n\n\n<ul class=\"wp-block-list\">\n<li><strong>Restaurant Castello<\/strong> (Italienisch)Bahnhofstra\u00dfe 13, 26954 Nordenham<a href=\"https:\/\/www.google.com\/search?q=https:\/\/www.google.com\/maps\/search\/%3Fapi%3D1%26query%3DRestaurant%2BCastello%26query_place_id%3DChIJ2YU5OwC5tkcRtlEkOGHja5I\" target=\"_blank\" rel=\"noreferrer noopener\">Google Maps Link<\/a><\/li>\n\n\n\n<li><strong>Mira Restaurant &amp; Bar<\/strong>Marktstra\u00dfe 8A, 26954 Nordenham<a href=\"https:\/\/www.google.com\/search?q=https:\/\/www.google.com\/maps\/search\/%3Fapi%3D1%26query%3DMira%2BRestaurant%2B%2526%2BBar%26query_place_id%3DChIJszpHbP65tkcR-ycwmNF6G3w\" target=\"_blank\" rel=\"noreferrer noopener\">Google Maps Link<\/a><\/li>\n\n\n\n<li><strong>Restaurant &amp; Bar MAX<\/strong>Marktstra\u00dfe 12, 26954 Nordenham<a href=\"https:\/\/www.google.com\/search?q=https:\/\/www.google.com\/maps\/search\/%3Fapi%3D1%26query%3DRestaurant%2B%2526%2BBar%2BMAX%26query_place_id%3DChIJCTLUwNa5tkcRvXd7R62Nzig\" target=\"_blank\" rel=\"noreferrer noopener\">Google Maps Link<\/a><\/li>\n<\/ul>\n\n\n\n<h3 class=\"wp-block-heading\">Campingplatz in der Nachbarschaft<\/h3>\n\n\n\n<p>Direkt hinter dem Deich, in unmittelbarer N\u00e4he zum Sportboothafen, liegen die Campingpl\u00e4tze:<\/p>\n\n\n\n<ul class=\"wp-block-list\">\n<li><strong>Campingplatz Nordenham &#8211; An der Weser<\/strong>Strandallee 11, 26954 Nordenham<a href=\"https:\/\/www.google.com\/search?q=https:\/\/www.google.com\/maps\/search\/%3Fapi%3D1%26query%3DCampingplatz%2BNordenham%26query_place_id%3DChIJ0TmhzvCYY0ERiNGscoxpOIA\" target=\"_blank\" rel=\"noreferrer noopener\">Google Maps Link<\/a><\/li>\n\n\n\n<li><strong>Camping Club Wesermarsch e.V.<\/strong>Strandallee 14, 26954 Nordenham<a href=\"https:\/\/www.google.com\/search?q=https:\/\/www.google.com\/maps\/search\/%3Fapi%3D1%26query%3DCamping%2BClub%2BWesermarsch%2Be.V.%26query_place_id%3DChIJu_CLGA7PtkcRuRIB5vv4jHw\" target=\"_blank\" rel=\"noreferrer noopener\">Google Maps Link<\/a><\/li>\n<\/ul>\n\n\n\n<figure class=\"wp-block-table\"><table class=\"has-fixed-layout\"><thead><tr><td><strong>Ort<\/strong><\/td><td><strong>Adresse<\/strong><\/td><td><strong>Besonderheit<\/strong><\/td><\/tr><\/thead><tbody><tr><td>Yachthafen (NSG)<\/td><td>Strandallee 38<\/td><td>Direkter Hafenzugang<\/td><\/tr><tr><td>Bahnhof Nordenham<\/td><td>M\u00fcllerstra\u00dfe 8<\/td><td>ca. 15 Min. Fu\u00dfweg<\/td><\/tr><tr><td>Campingplatz<\/td><td>Strandallee 11<\/td><td>In direkter Nachbarschaft<\/td><\/tr><\/tbody><\/table><\/figure>\n\n\n\n<p><\/p>\n\n\n\n<p><\/p>\n\n\n\n<p><\/p>\n\n\n\n<hr class=\"wp-block-separator has-alpha-channel-opacity\"\/>\n\n\n\n<p><a href=\"https:\/\/www.nsg-nordenham.de\"><strong><em>https:\/\/www.nsg-nordenham.de<\/em><\/strong><\/a><\/p>\n\n\n\n<figure class=\"wp-block-image size-large\"><img loading=\"lazy\" decoding=\"async\" width=\"1024\" height=\"724\" src=\"https:\/\/wizardly-sinoussi.217-154-119-199.plesk.page\/wp-content\/uploads\/2026\/04\/wech4-1024x724.jpg\" alt=\"\" class=\"wp-image-207\" srcset=\"https:\/\/wizardly-sinoussi.217-154-119-199.plesk.page\/wp-content\/uploads\/2026\/04\/wech4-1024x724.jpg 1024w, https:\/\/wizardly-sinoussi.217-154-119-199.plesk.page\/wp-content\/uploads\/2026\/04\/wech4-300x212.jpg 300w, https:\/\/wizardly-sinoussi.217-154-119-199.plesk.page\/wp-content\/uploads\/2026\/04\/wech4-768x543.jpg 768w, https:\/\/wizardly-sinoussi.217-154-119-199.plesk.page\/wp-content\/uploads\/2026\/04\/wech4-90x65.jpg 90w, https:\/\/wizardly-sinoussi.217-154-119-199.plesk.page\/wp-content\/uploads\/2026\/04\/wech4.jpg 1133w\" sizes=\"auto, (max-width: 1024px) 100vw, 1024px\" \/><\/figure>\n","protected":false},"excerpt":{"rendered":"<p>Organisation \/ Bereich Webadresse (Link) Stadt Nordenham nordenham.de Nordenhamer Sportbootgemeinschaft e.V. nsg-nordenham.de Nachrichten f\u00fcr Seefahrer elwis.de (NfS) Deutscher Wetterdienst dwd.de<\/p>\n","protected":false},"author":1,"featured_media":0,"parent":0,"menu_order":10,"comment_status":"closed","ping_status":"closed","template":"","meta":{"footnotes":""},"class_list":["post-19","page","type-page","status-publish","hentry"],"_links":{"self":[{"href":"https:\/\/wizardly-sinoussi.217-154-119-199.plesk.page\/index.php?rest_route=\/wp\/v2\/pages\/19","targetHints":{"allow":["GET"]}}],"collection":[{"href":"https:\/\/wizardly-sinoussi.217-154-119-199.plesk.page\/index.php?rest_route=\/wp\/v2\/pages"}],"about":[{"href":"https:\/\/wizardly-sinoussi.217-154-119-199.plesk.page\/index.php?rest_route=\/wp\/v2\/types\/page"}],"author":[{"embeddable":true,"href":"https:\/\/wizardly-sinoussi.217-154-119-199.plesk.page\/index.php?rest_route=\/wp\/v2\/users\/1"}],"replies":[{"embeddable":true,"href":"https:\/\/wizardly-sinoussi.217-154-119-199.plesk.page\/index.php?rest_route=%2Fwp%2Fv2%2Fcomments&post=19"}],"version-history":[{"count":5,"href":"https:\/\/wizardly-sinoussi.217-154-119-199.plesk.page\/index.php?rest_route=\/wp\/v2\/pages\/19\/revisions"}],"predecessor-version":[{"id":209,"href":"https:\/\/wizardly-sinoussi.217-154-119-199.plesk.page\/index.php?rest_route=\/wp\/v2\/pages\/19\/revisions\/209"}],"wp:attachment":[{"href":"https:\/\/wizardly-sinoussi.217-154-119-199.plesk.page\/index.php?rest_route=%2Fwp%2Fv2%2Fmedia&parent=19"}],"curies":[{"name":"wp","href":"https:\/\/api.w.org\/{rel}","templated":true}]}}