{"id":154,"date":"2026-04-24T13:43:18","date_gmt":"2026-04-24T13:43:18","guid":{"rendered":"https:\/\/wizardly-sinoussi.217-154-119-199.plesk.page\/?page_id=154"},"modified":"2026-04-27T13:26:28","modified_gmt":"2026-04-27T13:26:28","slug":"wsv-blog","status":"publish","type":"page","link":"https:\/\/wizardly-sinoussi.217-154-119-199.plesk.page\/?page_id=154","title":{"rendered":"WSV &#8211; BLOG"},"content":{"rendered":"\n<figure class=\"wp-block-image size-full\"><img loading=\"lazy\" decoding=\"async\" width=\"1024\" height=\"559\" src=\"https:\/\/wizardly-sinoussi.217-154-119-199.plesk.page\/wp-content\/uploads\/2026\/04\/Regatta1.jpg\" alt=\"\" class=\"wp-image-159\" srcset=\"https:\/\/wizardly-sinoussi.217-154-119-199.plesk.page\/wp-content\/uploads\/2026\/04\/Regatta1.jpg 1024w, https:\/\/wizardly-sinoussi.217-154-119-199.plesk.page\/wp-content\/uploads\/2026\/04\/Regatta1-300x164.jpg 300w, https:\/\/wizardly-sinoussi.217-154-119-199.plesk.page\/wp-content\/uploads\/2026\/04\/Regatta1-768x419.jpg 768w\" sizes=\"auto, (max-width: 1024px) 100vw, 1024px\" \/><\/figure>\n\n\n\n<hr class=\"wp-block-separator has-alpha-channel-opacity\"\/>\n\n\n\n<div class=\"wp-block-query alignfull is-layout-flow wp-block-query-is-layout-flow\">\n<div class=\"wp-block-query is-layout-flow wp-block-query-is-layout-flow\">\n\n<\/div>\n\n\n\n<div class=\"wp-block-group\" style=\"margin-top:0;margin-bottom:0;padding-top:var(--wp--preset--spacing--30);padding-right:16px;padding-bottom:var(--wp--preset--spacing--30);padding-left:16px\"><div class=\"wp-block-group__inner-container is-layout-flow wp-block-group-is-layout-flow\">\n<div class=\"wp-block-query alignfull is-layout-flow wp-block-query-is-layout-flow\">\n<div class=\"wp-block-group alignfull\" style=\"padding-top:var(--wp--preset--spacing--40);padding-right:var(--wp--preset--spacing--40);padding-bottom:var(--wp--preset--spacing--40);padding-left:var(--wp--preset--spacing--40)\"><div class=\"wp-block-group__inner-container is-layout-flow wp-block-group-is-layout-flow\"><ul style=\"text-transform:none;\" class=\"wp-block-post-template is-layout-flow wp-block-post-template-is-layout-flow\"><li class=\"wp-block-post post-210 post type-post status-publish format-standard has-post-thumbnail hentry category-uncategorized\">\n\n<div class=\"wp-block-group is-content-justification-left\"><div class=\"wp-block-group__inner-container is-layout-constrained wp-container-core-group-is-layout-b4bdc4c8 wp-block-group-is-layout-constrained\">\n<div class=\"wp-block-group is-vertical is-layout-flex wp-container-core-group-is-layout-438e4d21 wp-block-group-is-layout-flex\" style=\"padding-bottom:var(--wp--preset--spacing--80)\"><div style=\"font-size:0.9rem;letter-spacing:1px; margin-top:0;margin-right:0;margin-bottom:0;margin-left:0;\" class=\"has-text-align-left has-link-color wp-elements-ac2287e58ff1ab9b47e701aaabe2723e wp-block-post-date has-text-color has-contrast-color\"><time datetime=\"2026-04-27T12:07:38+00:00\">4\/27\/2026<\/time><\/div>\n\n\n<div class=\"wp-block-group\" style=\"margin-top:0;margin-bottom:0\"><div class=\"wp-block-group__inner-container is-layout-constrained wp-block-group-is-layout-constrained\"><figure class=\"wp-block-post-featured-image\"><img loading=\"lazy\" decoding=\"async\" width=\"649\" height=\"400\" src=\"https:\/\/wizardly-sinoussi.217-154-119-199.plesk.page\/wp-content\/uploads\/2026\/04\/Labs-649x400.jpg\" class=\"attachment-post-thumbnail size-post-thumbnail wp-post-image\" alt=\"\" style=\"object-fit:cover;\" \/><\/figure>\n\n<h6 style=\"color:#337391; font-size:2.5rem;font-style:normal;font-weight:600;line-height:1;\" class=\"has-link-color wp-elements-a5d5ec1e87753e8402418b1cef55caef wp-block-post-title has-text-color\"><a href=\"https:\/\/wizardly-sinoussi.217-154-119-199.plesk.page\/?p=210\" target=\"_self\" >Labskaus\u00a0a la K\u00e4pt\u2019n Harff<\/a><\/h6>\n\n<div style=\"line-height:1.7;\" class=\"wp-block-post-excerpt has-medium-font-size\"><p class=\"wp-block-post-excerpt__excerpt\">F\u00fcr 4 Gute Esser und ordentliche Portion f\u00fcr n\u00e4chsten Tag Beilagen:&nbsp;&nbsp; Gro\u00dfes Glas Rote Beete, Rollmops, G\u00fcrkchen, Spiegelei Zubereitung: Dazu <\/p><\/div><\/div><\/div>\n<\/div>\n<\/div><\/div>\n\n<\/li><li class=\"wp-block-post post-152 post type-post status-publish format-standard hentry category-uncategorized\">\n\n<div class=\"wp-block-group is-content-justification-left\"><div class=\"wp-block-group__inner-container is-layout-constrained wp-container-core-group-is-layout-b4bdc4c8 wp-block-group-is-layout-constrained\">\n<div class=\"wp-block-group is-vertical is-layout-flex wp-container-core-group-is-layout-438e4d21 wp-block-group-is-layout-flex\" style=\"padding-bottom:var(--wp--preset--spacing--80)\"><div style=\"font-size:0.9rem;letter-spacing:1px; margin-top:0;margin-right:0;margin-bottom:0;margin-left:0;\" class=\"has-text-align-left has-link-color wp-elements-ac2287e58ff1ab9b47e701aaabe2723e wp-block-post-date has-text-color has-contrast-color\"><time datetime=\"2026-04-24T13:41:30+00:00\">4\/24\/2026<\/time><\/div>\n\n\n<div class=\"wp-block-group\" style=\"margin-top:0;margin-bottom:0\"><div class=\"wp-block-group__inner-container is-layout-constrained wp-block-group-is-layout-constrained\">\n\n<h6 style=\"color:#337391; font-size:2.5rem;font-style:normal;font-weight:600;line-height:1;\" class=\"has-link-color wp-elements-a5d5ec1e87753e8402418b1cef55caef wp-block-post-title has-text-color\"><a href=\"https:\/\/wizardly-sinoussi.217-154-119-199.plesk.page\/?p=152\" target=\"_self\" >Wassersport-Termine<\/a><\/h6>\n\n<div style=\"line-height:1.7;\" class=\"wp-block-post-excerpt has-medium-font-size\"><p class=\"wp-block-post-excerpt__excerpt\">2026\/2027 Messe \/ Veranstaltung Ort Zeitraum (ca.) Schwerpunkt boot D\u00fcsseldorf D\u00fcsseldorf Januar Weltgr\u00f6\u00dfte Wassersportmesse Magdeboot Magdeburg M\u00e4rz Motorboote &amp; Outdoor <\/p><\/div><\/div><\/div>\n<\/div>\n<\/div><\/div>\n\n<\/li><li class=\"wp-block-post post-140 post type-post status-publish format-standard hentry category-uncategorized\">\n\n<div class=\"wp-block-group is-content-justification-left\"><div class=\"wp-block-group__inner-container is-layout-constrained wp-container-core-group-is-layout-b4bdc4c8 wp-block-group-is-layout-constrained\">\n<div class=\"wp-block-group is-vertical is-layout-flex wp-container-core-group-is-layout-438e4d21 wp-block-group-is-layout-flex\" style=\"padding-bottom:var(--wp--preset--spacing--80)\"><div style=\"font-size:0.9rem;letter-spacing:1px; margin-top:0;margin-right:0;margin-bottom:0;margin-left:0;\" class=\"has-text-align-left has-link-color wp-elements-ac2287e58ff1ab9b47e701aaabe2723e wp-block-post-date has-text-color has-contrast-color\"><time datetime=\"2026-04-24T13:29:17+00:00\">4\/24\/2026<\/time><\/div>\n\n\n<div class=\"wp-block-group\" style=\"margin-top:0;margin-bottom:0\"><div class=\"wp-block-group__inner-container is-layout-constrained wp-block-group-is-layout-constrained\">\n\n<h6 style=\"color:#337391; font-size:2.5rem;font-style:normal;font-weight:600;line-height:1;\" class=\"has-link-color wp-elements-a5d5ec1e87753e8402418b1cef55caef wp-block-post-title has-text-color\"><a href=\"https:\/\/wizardly-sinoussi.217-154-119-199.plesk.page\/?p=140\" target=\"_self\" >Dauerarbeitsplan Steganlage 2026<\/a><\/h6>\n\n<div style=\"line-height:1.7;\" class=\"wp-block-post-excerpt has-medium-font-size\"><p class=\"wp-block-post-excerpt__excerpt\">Termin &#8222;Stege rein&#8220;: Erfolgt nach dem Baggern. Aufgabe Steganlage rein (inkl. Auslagerung\/Montage) Steganlage raus (inkl. Demontage\/Einlagerung) Leitung Bj\u00f6rn Denker Hans <\/p><\/div><\/div><\/div>\n<\/div>\n<\/div><\/div>\n\n<\/li><\/ul><\/div><\/div>\n\n\n\n<div class=\"wp-block-group is-content-justification-left\" style=\"margin-top:0;margin-bottom:0;padding-top:0;padding-right:var(--wp--preset--spacing--40);padding-bottom:var(--wp--preset--spacing--40);padding-left:var(--wp--preset--spacing--40)\"><div class=\"wp-block-group__inner-container is-layout-constrained wp-container-core-group-is-layout-4f3b647b wp-block-group-is-layout-constrained\"><\/div><\/div>\n<\/div>\n<\/div><\/div>\n<\/div>\n\n\n\n<p><\/p>\n","protected":false},"excerpt":{"rendered":"","protected":false},"author":1,"featured_media":0,"parent":0,"menu_order":7,"comment_status":"closed","ping_status":"closed","template":"","meta":{"footnotes":""},"class_list":["post-154","page","type-page","status-publish","hentry"],"_links":{"self":[{"href":"https:\/\/wizardly-sinoussi.217-154-119-199.plesk.page\/index.php?rest_route=\/wp\/v2\/pages\/154","targetHints":{"allow":["GET"]}}],"collection":[{"href":"https:\/\/wizardly-sinoussi.217-154-119-199.plesk.page\/index.php?rest_route=\/wp\/v2\/pages"}],"about":[{"href":"https:\/\/wizardly-sinoussi.217-154-119-199.plesk.page\/index.php?rest_route=\/wp\/v2\/types\/page"}],"author":[{"embeddable":true,"href":"https:\/\/wizardly-sinoussi.217-154-119-199.plesk.page\/index.php?rest_route=\/wp\/v2\/users\/1"}],"replies":[{"embeddable":true,"href":"https:\/\/wizardly-sinoussi.217-154-119-199.plesk.page\/index.php?rest_route=%2Fwp%2Fv2%2Fcomments&post=154"}],"version-history":[{"count":17,"href":"https:\/\/wizardly-sinoussi.217-154-119-199.plesk.page\/index.php?rest_route=\/wp\/v2\/pages\/154\/revisions"}],"predecessor-version":[{"id":248,"href":"https:\/\/wizardly-sinoussi.217-154-119-199.plesk.page\/index.php?rest_route=\/wp\/v2\/pages\/154\/revisions\/248"}],"wp:attachment":[{"href":"https:\/\/wizardly-sinoussi.217-154-119-199.plesk.page\/index.php?rest_route=%2Fwp%2Fv2%2Fmedia&parent=154"}],"curies":[{"name":"wp","href":"https:\/\/api.w.org\/{rel}","templated":true}]}}