{"id":11,"date":"2026-04-24T11:40:34","date_gmt":"2026-04-24T11:40:34","guid":{"rendered":"https:\/\/wizardly-sinoussi.217-154-119-199.plesk.page\/?page_id=11"},"modified":"2026-04-27T12:24:27","modified_gmt":"2026-04-27T12:24:27","slug":"stadtspaziergang-fahrradtur","status":"publish","type":"page","link":"https:\/\/wizardly-sinoussi.217-154-119-199.plesk.page\/?page_id=11","title":{"rendered":"Nordenham erleben"},"content":{"rendered":"\n<h1 class=\"wp-block-heading\">Zwischen industrieller Dynamik und Weser-Idylle<\/h1>\n\n\n\n<p>Willkommen in Nordenham! Unsere Stadt ist mit rund 28.000 Einwohnern das pulsierende Herz der Wesermarsch. Hier trifft High-Tech-Industrie (wie Airbus, Norddeutsche Seekabelwerke oder Kronos-Titan) auf maritimes Lebensgef\u00fchl. Die Stadt erstreckt sich \u00fcber 10 km entlang der Weser \u2013 vom modernen <strong>Yachthafen Gro\u00dfensiel<\/strong> im S\u00fcden bis zum historischen, \u00fcber 1200 Jahre alten <strong>Ortsteil Blexen<\/strong> im Norden.<\/p>\n\n\n\n<p>F\u00fcr unsere G\u00e4ste im Hafen haben wir die besten Tipps f\u00fcr einen Landgang zusammengestellt:<\/p>\n\n\n\n<h3 class=\"wp-block-heading\">Kulinarik &amp; Aussicht direkt am Deich<\/h3>\n\n\n\n<p>Nur ein kurzer Spaziergang (ca. 1,5 km) f\u00fchrt euch vom Hafen direkt an die Weser.<\/p>\n\n\n\n<ul class=\"wp-block-list\">\n<li>Selbstgebraute Biere im und vielf\u00e4ltige K\u00fcche im Brauhaus &#8222;Venema&#8220; in Abbehausen (mit dem Fahrrad zu erreichen)Gute robuste Schnitzelk\u00fcche im ESV-Heim an der Fussg\u00e4nger\u00fcberwegung am Gleis H\u00fche Weserterassen.<\/li>\n\n\n\n<li>Pizzeria &#8222;Pergola&#8220; in der Herbertstrasse, N\u00e4he Bahnhof Nordenham.<\/li>\n\n\n\n<li><strong>Natur pur:<\/strong> Radfahrer nutzen den gut ausgebauten Weserradweg auf der Deichkrone, w\u00e4hrend Fu\u00dfg\u00e4nger direkt am Weserstrand die salzige Luft genie\u00dfen k\u00f6nnen.<\/li>\n<\/ul>\n\n\n\n<h3 class=\"wp-block-heading\">Das Stadtzentrum: Kultur und Shopping<\/h3>\n\n\n\n<p>\u00dcber den Union-Pier (Anlegestelle der Schreiber-Dampfer) gelangt ihr \u00fcber die Bahnbr\u00fccke direkt in das Herz der Stadt.<\/p>\n\n\n\n<ul class=\"wp-block-list\">\n<li><strong>Touristik-Info &amp; Post:<\/strong> Am zentralen Marktplatz erhaltet ihr alle Infos f\u00fcr euren Aufenthalt.<\/li>\n\n\n\n<li><strong>Kultur &amp; Geschichte:<\/strong> Besucht das <strong>Museum der Stadt Nordenham<\/strong> in der Hansingstra\u00dfe, um mehr \u00fcber die Entwicklung vom Fischerdorf zum Industriestandort zu erfahren. Gleich um die Ecke l\u00e4dt das Kino zu entspannten Abenden ein.<\/li>\n\n\n\n<li><strong>Event-Tipp:<\/strong> Die <strong>Jahnhalle<\/strong> ist das kulturelle Zentrum f\u00fcr Konzerte und Veranstaltungen.<\/li>\n<\/ul>\n\n\n\n<h3 class=\"wp-block-heading\">Skipper-Service: Alles f\u00fcr die Bordk\u00fcche und das Boot<\/h3>\n\n\n\n<p>Nordenham bietet alles, was das Herz eines Selbstversorgers begehrt:<\/p>\n\n\n\n<ul class=\"wp-block-list\">\n<li><strong>Proviant:<\/strong> Ein <strong>Penny-Markt<\/strong> in der Hansingstra\u00dfe sowie ein B\u00e4cker in Gro\u00dfensiel sorgen f\u00fcr frische Br\u00f6tchen und Vorr\u00e4te.<\/li>\n\n\n\n<li><strong>Technik &amp; Handwerk:<\/strong> F\u00fcr Reparaturen oder Ersatzteile seid ihr beim <strong>Werkmarkt L\u00fcttke<\/strong> (Eisenwaren) oder dem <strong>Baumarkt Thaden<\/strong> richtig.<\/li>\n\n\n\n<li><strong>Fachm\u00e4nnische Hilfe:<\/strong> Direkt am Hafen findet ihr die Hallen von Schiffbauingenieur <strong>Thorsten Fach<\/strong>. Er bietet professionelle Unterst\u00fctzung bei technischen Problemen und eine Auswahl an essenziellem Bootszubeh\u00f6r.<\/li>\n\n\n\n<li><strong>Mobilit\u00e4t:<\/strong> Eine ARAL-Tankstelle und KOSMOS-Autoteile sind schnell erreichbar. Die Bushaltestelle in Gro\u00dfensiel verbindet euch unkompliziert mit den anderen Stadtteilen.<\/li>\n<\/ul>\n\n\n\n<h3 class=\"wp-block-heading\">Touristische Highlights in der Umgebung<\/h3>\n\n\n\n<ul class=\"wp-block-list\">\n<li><strong>Historisches Blexen:<\/strong> Ein Ausflug in den Norden lohnt sich! Besucht die St.-Hippolyt-Kirche und genie\u00dft den Blick von der Blexer F\u00e4hre r\u00fcber nach Bremerhaven.<\/li>\n\n\n\n<li><strong>Moorseer M\u00fchle:<\/strong> Nur wenige Kilometer entfernt findet ihr die letzte voll funktionsf\u00e4hige Windm\u00fchle im Landkreis mit einem spannenden Museum und gem\u00fctlichem Caf\u00e9.<\/li>\n\n\n\n<li><strong>Ship-Spotting:<\/strong> Nordenham ist einer der besten Orte, um die Giganten der Meere hautnah zu erleben, wenn sie die Weser Richtung Bremen oder Nordsee passieren.<\/li>\n<\/ul>\n\n\n\n<h3 class=\"wp-block-heading\"><strong>Wir w\u00fcnschen euch einen erholsamen Aufenthalt in Nordenham \u2013 der Stadt mit dem weiten Horizont!<\/strong><\/h3>\n\n\n\n<figure class=\"wp-block-image size-full\"><img loading=\"lazy\" decoding=\"async\" width=\"829\" height=\"463\" src=\"https:\/\/wizardly-sinoussi.217-154-119-199.plesk.page\/wp-content\/uploads\/2026\/04\/Baum_Sonne1.jpg\" alt=\"\" class=\"wp-image-170\" srcset=\"https:\/\/wizardly-sinoussi.217-154-119-199.plesk.page\/wp-content\/uploads\/2026\/04\/Baum_Sonne1.jpg 829w, https:\/\/wizardly-sinoussi.217-154-119-199.plesk.page\/wp-content\/uploads\/2026\/04\/Baum_Sonne1-300x168.jpg 300w, https:\/\/wizardly-sinoussi.217-154-119-199.plesk.page\/wp-content\/uploads\/2026\/04\/Baum_Sonne1-768x429.jpg 768w, https:\/\/wizardly-sinoussi.217-154-119-199.plesk.page\/wp-content\/uploads\/2026\/04\/Baum_Sonne1-360x200.jpg 360w\" sizes=\"auto, (max-width: 829px) 100vw, 829px\" \/><\/figure>\n","protected":false},"excerpt":{"rendered":"<p>Zwischen industrieller Dynamik und Weser-Idylle Willkommen in Nordenham! Unsere Stadt ist mit rund 28.000 Einwohnern das pulsierende Herz der Wesermarsch.<\/p>\n","protected":false},"author":1,"featured_media":0,"parent":0,"menu_order":5,"comment_status":"closed","ping_status":"closed","template":"","meta":{"footnotes":""},"class_list":["post-11","page","type-page","status-publish","hentry"],"_links":{"self":[{"href":"https:\/\/wizardly-sinoussi.217-154-119-199.plesk.page\/index.php?rest_route=\/wp\/v2\/pages\/11","targetHints":{"allow":["GET"]}}],"collection":[{"href":"https:\/\/wizardly-sinoussi.217-154-119-199.plesk.page\/index.php?rest_route=\/wp\/v2\/pages"}],"about":[{"href":"https:\/\/wizardly-sinoussi.217-154-119-199.plesk.page\/index.php?rest_route=\/wp\/v2\/types\/page"}],"author":[{"embeddable":true,"href":"https:\/\/wizardly-sinoussi.217-154-119-199.plesk.page\/index.php?rest_route=\/wp\/v2\/users\/1"}],"replies":[{"embeddable":true,"href":"https:\/\/wizardly-sinoussi.217-154-119-199.plesk.page\/index.php?rest_route=%2Fwp%2Fv2%2Fcomments&post=11"}],"version-history":[{"count":6,"href":"https:\/\/wizardly-sinoussi.217-154-119-199.plesk.page\/index.php?rest_route=\/wp\/v2\/pages\/11\/revisions"}],"predecessor-version":[{"id":220,"href":"https:\/\/wizardly-sinoussi.217-154-119-199.plesk.page\/index.php?rest_route=\/wp\/v2\/pages\/11\/revisions\/220"}],"wp:attachment":[{"href":"https:\/\/wizardly-sinoussi.217-154-119-199.plesk.page\/index.php?rest_route=%2Fwp%2Fv2%2Fmedia&parent=11"}],"curies":[{"name":"wp","href":"https:\/\/api.w.org\/{rel}","templated":true}]}}